{"id":200,"date":"2023-10-10T06:53:34","date_gmt":"2023-10-10T06:53:34","guid":{"rendered":"https:\/\/chateaudecalavon.com\/oenotourisme\/"},"modified":"2024-07-24T12:47:36","modified_gmt":"2024-07-24T12:47:36","slug":"oenotourisme-wine-tour-tasting-degustation","status":"publish","type":"page","link":"https:\/\/chateaudecalavon.com\/fr\/oenotourisme-wine-tour-tasting-degustation\/","title":{"rendered":"OEnotourisme"},"content":{"rendered":"<div class=\"wpb-content-wrapper\"><p>[vc_section full_width=\u00a0\u00bbstretch_row\u00a0\u00bb el_class=\u00a0\u00bbblock-22 c1-bg\u00a0\u00bb][vc_row full_width=\u00a0\u00bbstretch_row\u00a0\u00bb css=\u00a0\u00bb.vc_custom_1711021246037{background-image: url(https:\/\/chateaudecalavon.com\/wp-content\/uploads\/sites\/6\/2024\/03\/\u00a9M_W_Le-Guide-Sesame-34-scaled.jpg?id=814) !important;background-position: center !important;background-repeat: no-repeat !important;background-size: cover !important;}\u00a0\u00bb el_class=\u00a0\u00bbheading-row\u00a0\u00bb][vc_column][vc_column_text el_class=\u00a0\u00bbbreadcrumbs\u00a0\u00bb]<span><span><a href=\"https:\/\/chateaudecalavon.com\/fr\/\">Home<\/a><\/span><\/span>[\/vc_column_text][vc_column_text el_class=\u00a0\u00bbsection-title\u00a0\u00bb]<span class=\"f1\">OENOTOURISME<\/span>[\/vc_column_text][\/vc_column][\/vc_row][\/vc_section][vc_section full_width=\u00a0\u00bbstretch_row\u00a0\u00bb el_class=\u00a0\u00bbblock-22 c1-bg\u00a0\u00bb][vc_row el_class=\u00a0\u00bbscroll-row\u00a0\u00bb][vc_column][vc_column_text el_class=\u00a0\u00bbscroll-text\u00a0\u00bb]<\/p>\n<p style=\"text-align: center;\"><span class=\"f1\"><span class=\"f1 c3\">D\u00e9couvrez<\/span> <span class=\"f1 c4\">nos vins bio<\/span><\/span><\/p>\n<p>[\/vc_column_text][\/vc_column][\/vc_row][\/vc_section][vc_section full_width=\u00a0\u00bbstretch_row\u00a0\u00bb el_class=\u00a0\u00bbblock-10-v1-image-left c1-bg\u00a0\u00bb][vc_row equal_height=\u00a0\u00bbyes\u00a0\u00bb content_placement=\u00a0\u00bbmiddle\u00a0\u00bb][vc_column width=\u00a0\u00bb1\/2&Prime; el_class=\u00a0\u00bbimg-col\u00a0\u00bb][vc_single_image image=\u00a0\u00bb536&Prime; img_size=\u00a0\u00bbfull\u00a0\u00bb el_class=\u00a0\u00bbimg-1&Prime;][vc_single_image image=\u00a0\u00bb538&Prime; img_size=\u00a0\u00bbfull\u00a0\u00bb el_class=\u00a0\u00bbimg-2&Prime;][\/vc_column][vc_column width=\u00a0\u00bb1\/2&Prime; el_class=\u00a0\u00bbtext-col\u00a0\u00bb][vc_column_text el_class=\u00a0\u00bbtitle\u00a0\u00bb]<span class=\"f1 c3\">vous<\/span><br \/>\n<span class=\"f1 c4\">recevoir<\/span>[\/vc_column_text][vc_column_text el_class=\u00a0\u00bbtext\u00a0\u00bb]<span class=\"f2\">Ce qui nous anime c\u2019est avant tout de partager notre passion du vin et de l\u2019olive. C\u2019est pourquoi nous vous ouvrons les portes de notre cave de vinification pour vous faire d\u00e9couvrir tout au long de l\u2019ann\u00e9e notre savoir-faire centenaire \u00e0 travers des animations, des visites et d\u00e9gustations et des soir\u00e9es d\u2019exception. <\/span>[\/vc_column_text][\/vc_column][\/vc_row][\/vc_section][vc_section full_width=\u00a0\u00bbstretch_row\u00a0\u00bb el_class=\u00a0\u00bbblock-9-v1-large-img c1-bg\u00a0\u00bb][vc_row el_class=\u00a0\u00bbmy-row\u00a0\u00bb][vc_column width=\u00a0\u00bb1\/2&Prime; el_class=\u00a0\u00bbtext-col\u00a0\u00bb][vc_column_text el_class=\u00a0\u00bbtitle\u00a0\u00bb]<span class=\"f1 c3\">Visite<\/span><br \/>\n<span class=\"f1 c4\">et d\u00e9gustation<\/span>[\/vc_column_text][vc_column_text el_class=\u00a0\u00bbtext\u00a0\u00bb]<span class=\"f2\">Seul ou en groupe, en famille ou entre amis, venez d\u00e9couvrir notre cave de vinification \u00e0 travers une visite guid\u00e9e et une d\u00e9gustation comment\u00e9e. L\u2019occasion de plonger dans le quotidien d\u2019un domaine viticole, et de go\u00fbter au terroir des Coteaux d\u2019Aix-en-Provence<\/span><\/p>\n<ul>\n<li><span class=\"f2\">Dur\u00e9e 1h.<\/span><\/li>\n<li><span class=\"f2\">Visite comment\u00e9e des vignes et de la cave, d\u00e9gustation et parcours olfactif.<\/span><\/li>\n<li><span class=\"f2\">Exp\u00e9rience pour les adultes et les familles (enfants \u00e0 partir de 7 ans), 15\u20ac.<\/span><\/li>\n<li><span class=\"f2\">Uniquement sur rendez-vous<\/span><\/li>\n<\/ul>\n<p>[\/vc_column_text][vc_btn title=\u00a0\u00bbR\u00e9server votre visite\u00a0\u00bb el_class=\u00a0\u00bbbtn-icon c4 f2&Prime; link=\u00a0\u00bburl:%23book\u00a0\u00bb][\/vc_column][vc_column width=\u00a0\u00bb1\/2&Prime; el_class=\u00a0\u00bbimg-col\u00a0\u00bb][vc_single_image image=\u00a0\u00bb534&Prime; img_size=\u00a0\u00bbfull\u00a0\u00bb el_class=\u00a0\u00bbimg-1&Prime;][vc_single_image image=\u00a0\u00bb531&Prime; img_size=\u00a0\u00bbfull\u00a0\u00bb el_class=\u00a0\u00bbimg-2&Prime;][\/vc_column][\/vc_row][\/vc_section][vc_section full_width=\u00a0\u00bbstretch_row\u00a0\u00bb el_class=\u00a0\u00bbblock-10-v1-image-left c1-bg\u00a0\u00bb][vc_row equal_height=\u00a0\u00bbyes\u00a0\u00bb content_placement=\u00a0\u00bbmiddle\u00a0\u00bb][vc_column width=\u00a0\u00bb1\/2&Prime; el_class=\u00a0\u00bbimg-col\u00a0\u00bb][vc_single_image image=\u00a0\u00bb863&Prime; img_size=\u00a0\u00bbfull\u00a0\u00bb el_class=\u00a0\u00bbimg-1&Prime;][vc_single_image image=\u00a0\u00bb865&Prime; img_size=\u00a0\u00bbfull\u00a0\u00bb el_class=\u00a0\u00bbimg-2&Prime;][\/vc_column][vc_column width=\u00a0\u00bb1\/2&Prime; el_class=\u00a0\u00bbtext-col\u00a0\u00bb][vc_column_text el_class=\u00a0\u00bbtitle\u00a0\u00bb]<span class=\"f1 c3\">Atelier<\/span><br \/>\n<span class=\"f1 c4\">Vin et Chocolat<\/span>[\/vc_column_text][vc_column_text el_class=\u00a0\u00bbtext\u00a0\u00bb]<span class=\"f2\">Le Ch\u00e2teau de Calavon vous invite \u00e0 une exp\u00e9rience \u0153notouristique in\u00e9dite o\u00f9 se marient vins prestigieux et chocolats d&rsquo;exception. Cette rencontre entre h\u00e9ritage viticole et d\u00e9lices gustatifs se d\u00e9roule dans un cadre familial charg\u00e9 d&rsquo;histoire et d&rsquo;authenticit\u00e9.<\/span><\/p>\n<p><span class=\"f2\">Les vins biologiques du domaine, s\u00e9lectionn\u00e9 avec soin, sont assortis \u00e0 une gamme de chocolats 100 % origine (Br\u00e9sil, Vietnam, Colombie, etc\u2026), con\u00e7us par <a href=\"https:\/\/chocolat.taborcia.fr\/\">Mathieu TABORCIA<\/a>, artisan p\u00e2tissier, chocolatier et torr\u00e9facteur. <\/span><span class=\"f2\">D\u00e9couvrez cette fusion lors d&rsquo;une d\u00e9gustation dans notre chai du XVIIe si\u00e8cle, pour une exploration sensorielle guid\u00e9e.<\/span>[\/vc_column_text][\/vc_column][\/vc_row][\/vc_section][vc_section full_width=\u00a0\u00bbstretch_row\u00a0\u00bb el_class=\u00a0\u00bbblock-27 c1-bg\u00a0\u00bb el_id=\u00a0\u00bbbook\u00a0\u00bb][vc_row][vc_column][vc_column_text el_class=\u00a0\u00bbsection-title\u00a0\u00bb]<\/p>\n<p style=\"text-align: center;\"><span class=\"f1\"><span class=\"f1 c3\">Prendre<\/span> <span class=\"f1 c4\">un rendez-vous<\/span><\/span><\/p>\n<p>[\/vc_column_text]\n<script>\n  if (typeof hasAmeliaEntitiesApiCall === 'undefined' && '' === '') {\n    var hasAmeliaEntitiesApiCall = true;\n  }\n  var ameliaShortcodeData = (typeof ameliaShortcodeData === 'undefined') ? [] : ameliaShortcodeData;\n  ameliaShortcodeData.push(\n    {\n      'hasApiCall': (typeof hasAmeliaEntitiesApiCall !== 'undefined') && hasAmeliaEntitiesApiCall,\n      'trigger': '',\n      'trigger_type': '',\n      'triggered_form': 'sbsNew',\n      'in_dialog': '',\n      'show': '',\n      'counter': '1000',\n      'category': '',\n      'service': '',\n      'employee': '',\n      'location': '',\n      'package': ''\n    }\n  );\n\n  var ameliaShortcodeDataTriggered = (typeof ameliaShortcodeDataTriggered === 'undefined') ? [] : ameliaShortcodeDataTriggered;\n  if (ameliaShortcodeData[ameliaShortcodeData.length - 1].trigger !== '') {\n    if (ameliaShortcodeDataTriggered.filter(a => a.counter === ameliaShortcodeData[ameliaShortcodeData.length - 1].counter).length === 0) {\n      ameliaShortcodeDataTriggered.push(ameliaShortcodeData.pop());\n    } else {\n      ameliaShortcodeData.pop()\n    }\n  }\n  if (typeof hasAmeliaEntitiesApiCall !== 'undefined' && hasAmeliaEntitiesApiCall) {\n    hasAmeliaEntitiesApiCall = false;\n  }\n<\/script>\n\n<div\n  id=\"amelia-v2-booking-1000\"\n  class=\"amelia-v2-booking\"\n >\n    <step-form-wrapper><\/step-form-wrapper><\/div>\n[\/vc_column][\/vc_row][\/vc_section][vc_section full_width=\u00a0\u00bbstretch_row\u00a0\u00bb el_class=\u00a0\u00bbblock-12 c1-bg\u00a0\u00bb][vc_row][vc_column][vc_column_text el_class=\u00a0\u00bbsection-title\u00a0\u00bb]<\/p>\n<p style=\"text-align: center;\"><span class=\"f1 c3\">actualit\u00e9s <\/span><br \/>\n<span class=\"f1 c4\">du domaine<\/span><\/p>\n<p>[\/vc_column_text][vc_basic_grid post_type=\u00a0\u00bbnews\u00a0\u00bb max_items=\u00a0\u00bb3&Prime; item=\u00a0\u00bb81&Prime; initial_loading_animation=\u00a0\u00bbnone\u00a0\u00bb grid_id=\u00a0\u00bbvc_gid:1721825242618-5452f7cf-cb17-1&Prime; el_class=\u00a0\u00bbmy-grid\u00a0\u00bb][\/vc_column][\/vc_row][\/vc_section][vc_section full_width=\u00a0\u00bbstretch_row\u00a0\u00bb disable_element=\u00a0\u00bbyes\u00a0\u00bb el_class=\u00a0\u00bbblock-15 c1-bg\u00a0\u00bb][vc_row][vc_column][vc_column_text el_class=\u00a0\u00bbtitle\u00a0\u00bb]<\/p>\n<p style=\"text-align: center;\"><span class=\"f1\"><span class=\"f1 c3\">les<\/span> <span class=\"f1 c4\">\u00e9v\u00e8nements<\/span><\/span><\/p>\n<p>[\/vc_column_text][vc_basic_grid post_type=\u00a0\u00bbevent\u00a0\u00bb max_items=\u00a0\u00bb2&Prime; element_width=\u00a0\u00bb6&Prime; item=\u00a0\u00bb82&Prime; initial_loading_animation=\u00a0\u00bbnone\u00a0\u00bb grid_id=\u00a0\u00bbvc_gid:1721825242620-d53e2322-f269-3&Prime; el_class=\u00a0\u00bbevents-grid\u00a0\u00bb][vc_btn title=\u00a0\u00bbVoir tous les \u00e9v\u00e8nements\u00a0\u00bb link=\u00a0\u00bburl:https%3A%2F%2Fchateaudecalavon.com%2Ffr%2Fevenements%2F|title:Ev%C3%A8nements\u00a0\u00bb el_class=\u00a0\u00bbbtn-icon c4 f2 all-events-link\u00a0\u00bb][\/vc_column][\/vc_row][\/vc_section][vc_section full_width=\u00a0\u00bbstretch_row\u00a0\u00bb el_class=\u00a0\u00bbblock-8 c2-bg\u00a0\u00bb][vc_row equal_height=\u00a0\u00bbyes\u00a0\u00bb content_placement=\u00a0\u00bbmiddle\u00a0\u00bb][vc_column width=\u00a0\u00bb1\/2&Prime;][vc_column_text el_class=\u00a0\u00bbsection-title\u00a0\u00bb]<\/p>\n<p style=\"text-align: left;\"><span class=\"f1 c3\">abonnez-vous \u00e0 la<\/span><br \/>\n<span class=\"f1 c4\">newsletter<\/span><\/p>\n<p>[\/vc_column_text][\/vc_column][vc_column width=\u00a0\u00bb1\/2&Prime;][vc_column_text el_class=\u00a0\u00bbform-desc\u00a0\u00bb]<span class=\"f2\">Recevez en avant-premi\u00e8re toute notre actualit\u00e9 ainsi que des offres exceptionnelles toute l\u2019ann\u00e9e.<\/span>[\/vc_column_text]\n<div class=\"wpcf7 no-js\" id=\"wpcf7-f135-o1\" lang=\"en-US\" dir=\"ltr\" data-wpcf7-id=\"135\">\n<div class=\"screen-reader-response\"><p role=\"status\" aria-live=\"polite\" aria-atomic=\"true\"><\/p> <ul><\/ul><\/div>\n<form action=\"\/fr\/wp-json\/wp\/v2\/pages\/200#wpcf7-f135-o1\" method=\"post\" class=\"wpcf7-form init\" aria-label=\"Contact form\" novalidate=\"novalidate\" data-status=\"init\">\n<fieldset class=\"hidden-fields-container\"><input type=\"hidden\" name=\"_wpcf7\" value=\"135\" \/><input type=\"hidden\" name=\"_wpcf7_version\" value=\"6.1.5\" \/><input type=\"hidden\" name=\"_wpcf7_locale\" value=\"en_US\" \/><input type=\"hidden\" name=\"_wpcf7_unit_tag\" value=\"wpcf7-f135-o1\" \/><input type=\"hidden\" name=\"_wpcf7_container_post\" value=\"0\" \/><input type=\"hidden\" name=\"_wpcf7_posted_data_hash\" value=\"\" \/><input type=\"hidden\" name=\"_wpcf7_recaptcha_response\" value=\"\" \/>\n<\/fieldset>\n<span class=\"wpcf7-form-control-wrap\" data-name=\"your-email\"><input size=\"40\" maxlength=\"400\" class=\"wpcf7-form-control wpcf7-email wpcf7-validates-as-required wpcf7-text wpcf7-validates-as-email\" autocomplete=\"email\" aria-required=\"true\" aria-invalid=\"false\" placeholder=\"Email\" value=\"\" type=\"email\" name=\"your-email\" \/><\/span>\n<div class=\"btn-icon c4\">\n<button type=\"submit\"><\/button>\n<\/div><div class=\"wpcf7-response-output\" aria-hidden=\"true\"><\/div>\n<\/form>\n<\/div>\n[\/vc_column][\/vc_row][\/vc_section]<\/p>\n<\/div>","protected":false},"excerpt":{"rendered":"<p>[vc_section full_width=\u00a0\u00bbstretch_row\u00a0\u00bb el_class=\u00a0\u00bbblock-22 c1-bg\u00a0\u00bb][vc_row full_width=\u00a0\u00bbstretch_row\u00a0\u00bb css=\u00a0\u00bb.vc_custom_1711021246037{background-image: url(https:\/\/chateaudecalavon.com\/wp-content\/uploads\/sites\/6\/2024\/03\/\u00a9M_W_Le-Guide-Sesame-34-scaled.jpg?id=814) !important;background-position: center !important;background-repeat: no-repeat !important;background-size: cover !important;}\u00a0\u00bb el_class=\u00a0\u00bbheading-row\u00a0\u00bb][vc_column][vc_column_text el_class=\u00a0\u00bbbreadcrumbs\u00a0\u00bb][\/vc_column_text][vc_column_text el_class=\u00a0\u00bbsection-title\u00a0\u00bb]OENOTOURISME[\/vc_column_text][\/vc_column][\/vc_row][\/vc_section][vc_section full_width=\u00a0\u00bbstretch_row\u00a0\u00bb el_class=\u00a0\u00bbblock-22 c1-bg\u00a0\u00bb][vc_row el_class=\u00a0\u00bbscroll-row\u00a0\u00bb][vc_column][vc_column_text el_class=\u00a0\u00bbscroll-text\u00a0\u00bb] D\u00e9couvrez nos vins bio [\/vc_column_text][\/vc_column][\/vc_row][\/vc_section][vc_section full_width=\u00a0\u00bbstretch_row\u00a0\u00bb el_class=\u00a0\u00bbblock-10-v1-image-left c1-bg\u00a0\u00bb][vc_row equal_height=\u00a0\u00bbyes\u00a0\u00bb content_placement=\u00a0\u00bbmiddle\u00a0\u00bb][vc_column width=\u00a0\u00bb1\/2&Prime; el_class=\u00a0\u00bbimg-col\u00a0\u00bb][vc_single_image image=\u00a0\u00bb536&Prime; img_size=\u00a0\u00bbfull\u00a0\u00bb el_class=\u00a0\u00bbimg-1&Prime;][vc_single_image image=\u00a0\u00bb538&Prime; img_size=\u00a0\u00bbfull\u00a0\u00bb el_class=\u00a0\u00bbimg-2&Prime;][\/vc_column][vc_column width=\u00a0\u00bb1\/2&Prime; el_class=\u00a0\u00bbtext-col\u00a0\u00bb][vc_column_text el_class=\u00a0\u00bbtitle\u00a0\u00bb]vous recevoir[\/vc_column_text][vc_column_text el_class=\u00a0\u00bbtext\u00a0\u00bb]Ce qui nous anime c\u2019est avant tout de partager notre passion [&hellip;]<\/p>\n","protected":false},"author":1,"featured_media":0,"parent":0,"menu_order":0,"comment_status":"closed","ping_status":"closed","template":"","meta":{"_acf_changed":false,"footnotes":""},"class_list":["post-200","page","type-page","status-publish","hentry"],"acf":[],"yoast_head":"<!-- This site is optimized with the Yoast SEO plugin v27.3 - https:\/\/yoast.com\/product\/yoast-seo-wordpress\/ -->\n<title>OEnotourisme - chateaudecalavon<\/title>\n<meta name=\"robots\" content=\"index, follow, max-snippet:-1, max-image-preview:large, max-video-preview:-1\" \/>\n<link rel=\"canonical\" href=\"https:\/\/chateaudecalavon.com\/fr\/oenotourisme-wine-tour-tasting-degustation\/\" \/>\n<meta property=\"og:locale\" content=\"fr_FR\" \/>\n<meta property=\"og:type\" content=\"article\" \/>\n<meta property=\"og:title\" content=\"OEnotourisme - chateaudecalavon\" \/>\n<meta property=\"og:description\" content=\"[vc_section full_width=\u00a0\u00bbstretch_row\u00a0\u00bb el_class=\u00a0\u00bbblock-22 c1-bg\u00a0\u00bb][vc_row full_width=\u00a0\u00bbstretch_row\u00a0\u00bb css=\u00a0\u00bb.vc_custom_1711021246037{background-image: url(https:\/\/chateaudecalavon.com\/wp-content\/uploads\/sites\/6\/2024\/03\/\u00a9M_W_Le-Guide-Sesame-34-scaled.jpg?id=814) !important;background-position: center !important;background-repeat: no-repeat !important;background-size: cover !important;}\u00a0\u00bb el_class=\u00a0\u00bbheading-row\u00a0\u00bb][vc_column][vc_column_text el_class=\u00a0\u00bbbreadcrumbs\u00a0\u00bb][\/vc_column_text][vc_column_text el_class=\u00a0\u00bbsection-title\u00a0\u00bb]OENOTOURISME[\/vc_column_text][\/vc_column][\/vc_row][\/vc_section][vc_section full_width=\u00a0\u00bbstretch_row\u00a0\u00bb el_class=\u00a0\u00bbblock-22 c1-bg\u00a0\u00bb][vc_row el_class=\u00a0\u00bbscroll-row\u00a0\u00bb][vc_column][vc_column_text el_class=\u00a0\u00bbscroll-text\u00a0\u00bb] D\u00e9couvrez nos vins bio [\/vc_column_text][\/vc_column][\/vc_row][\/vc_section][vc_section full_width=\u00a0\u00bbstretch_row\u00a0\u00bb el_class=\u00a0\u00bbblock-10-v1-image-left c1-bg\u00a0\u00bb][vc_row equal_height=\u00a0\u00bbyes\u00a0\u00bb content_placement=\u00a0\u00bbmiddle\u00a0\u00bb][vc_column width=\u00a0\u00bb1\/2&Prime; el_class=\u00a0\u00bbimg-col\u00a0\u00bb][vc_single_image image=\u00a0\u00bb536&Prime; img_size=\u00a0\u00bbfull\u00a0\u00bb el_class=\u00a0\u00bbimg-1&Prime;][vc_single_image image=\u00a0\u00bb538&Prime; img_size=\u00a0\u00bbfull\u00a0\u00bb el_class=\u00a0\u00bbimg-2&Prime;][\/vc_column][vc_column width=\u00a0\u00bb1\/2&Prime; el_class=\u00a0\u00bbtext-col\u00a0\u00bb][vc_column_text el_class=\u00a0\u00bbtitle\u00a0\u00bb]vous recevoir[\/vc_column_text][vc_column_text el_class=\u00a0\u00bbtext\u00a0\u00bb]Ce qui nous anime c\u2019est avant tout de partager notre passion [&hellip;]\" \/>\n<meta property=\"og:url\" content=\"https:\/\/chateaudecalavon.com\/fr\/oenotourisme-wine-tour-tasting-degustation\/\" \/>\n<meta property=\"og:site_name\" content=\"chateaudecalavon\" \/>\n<meta property=\"article:modified_time\" content=\"2024-07-24T12:47:36+00:00\" \/>\n<meta name=\"twitter:card\" content=\"summary_large_image\" \/>\n<meta name=\"twitter:label1\" content=\"Dur\u00e9e de lecture estim\u00e9e\" \/>\n\t<meta name=\"twitter:data1\" content=\"2 minutes\" \/>\n<script type=\"application\/ld+json\" class=\"yoast-schema-graph\">{\"@context\":\"https:\\\/\\\/schema.org\",\"@graph\":[{\"@type\":\"WebPage\",\"@id\":\"https:\\\/\\\/chateaudecalavon.com\\\/fr\\\/oenotourisme-wine-tour-tasting-degustation\\\/\",\"url\":\"https:\\\/\\\/chateaudecalavon.com\\\/fr\\\/oenotourisme-wine-tour-tasting-degustation\\\/\",\"name\":\"OEnotourisme - chateaudecalavon\",\"isPartOf\":{\"@id\":\"https:\\\/\\\/chateaudecalavon.com\\\/fr\\\/#website\"},\"datePublished\":\"2023-10-10T06:53:34+00:00\",\"dateModified\":\"2024-07-24T12:47:36+00:00\",\"breadcrumb\":{\"@id\":\"https:\\\/\\\/chateaudecalavon.com\\\/fr\\\/oenotourisme-wine-tour-tasting-degustation\\\/#breadcrumb\"},\"inLanguage\":\"fr-FR\",\"potentialAction\":[{\"@type\":\"ReadAction\",\"target\":[\"https:\\\/\\\/chateaudecalavon.com\\\/fr\\\/oenotourisme-wine-tour-tasting-degustation\\\/\"]}]},{\"@type\":\"BreadcrumbList\",\"@id\":\"https:\\\/\\\/chateaudecalavon.com\\\/fr\\\/oenotourisme-wine-tour-tasting-degustation\\\/#breadcrumb\",\"itemListElement\":[{\"@type\":\"ListItem\",\"position\":1,\"name\":\"Home\",\"item\":\"https:\\\/\\\/chateaudecalavon.com\\\/fr\\\/\"},{\"@type\":\"ListItem\",\"position\":2,\"name\":\"OEnotourisme\"}]},{\"@type\":\"WebSite\",\"@id\":\"https:\\\/\\\/chateaudecalavon.com\\\/fr\\\/#website\",\"url\":\"https:\\\/\\\/chateaudecalavon.com\\\/fr\\\/\",\"name\":\"chateaudecalavon\",\"description\":\"\",\"potentialAction\":[{\"@type\":\"SearchAction\",\"target\":{\"@type\":\"EntryPoint\",\"urlTemplate\":\"https:\\\/\\\/chateaudecalavon.com\\\/fr\\\/?s={search_term_string}\"},\"query-input\":{\"@type\":\"PropertyValueSpecification\",\"valueRequired\":true,\"valueName\":\"search_term_string\"}}],\"inLanguage\":\"fr-FR\"}]}<\/script>\n<!-- \/ Yoast SEO plugin. -->","yoast_head_json":{"title":"OEnotourisme - chateaudecalavon","robots":{"index":"index","follow":"follow","max-snippet":"max-snippet:-1","max-image-preview":"max-image-preview:large","max-video-preview":"max-video-preview:-1"},"canonical":"https:\/\/chateaudecalavon.com\/fr\/oenotourisme-wine-tour-tasting-degustation\/","og_locale":"fr_FR","og_type":"article","og_title":"OEnotourisme - chateaudecalavon","og_description":"[vc_section full_width=\u00a0\u00bbstretch_row\u00a0\u00bb el_class=\u00a0\u00bbblock-22 c1-bg\u00a0\u00bb][vc_row full_width=\u00a0\u00bbstretch_row\u00a0\u00bb css=\u00a0\u00bb.vc_custom_1711021246037{background-image: url(https:\/\/chateaudecalavon.com\/wp-content\/uploads\/sites\/6\/2024\/03\/\u00a9M_W_Le-Guide-Sesame-34-scaled.jpg?id=814) !important;background-position: center !important;background-repeat: no-repeat !important;background-size: cover !important;}\u00a0\u00bb el_class=\u00a0\u00bbheading-row\u00a0\u00bb][vc_column][vc_column_text el_class=\u00a0\u00bbbreadcrumbs\u00a0\u00bb][\/vc_column_text][vc_column_text el_class=\u00a0\u00bbsection-title\u00a0\u00bb]OENOTOURISME[\/vc_column_text][\/vc_column][\/vc_row][\/vc_section][vc_section full_width=\u00a0\u00bbstretch_row\u00a0\u00bb el_class=\u00a0\u00bbblock-22 c1-bg\u00a0\u00bb][vc_row el_class=\u00a0\u00bbscroll-row\u00a0\u00bb][vc_column][vc_column_text el_class=\u00a0\u00bbscroll-text\u00a0\u00bb] D\u00e9couvrez nos vins bio [\/vc_column_text][\/vc_column][\/vc_row][\/vc_section][vc_section full_width=\u00a0\u00bbstretch_row\u00a0\u00bb el_class=\u00a0\u00bbblock-10-v1-image-left c1-bg\u00a0\u00bb][vc_row equal_height=\u00a0\u00bbyes\u00a0\u00bb content_placement=\u00a0\u00bbmiddle\u00a0\u00bb][vc_column width=\u00a0\u00bb1\/2&Prime; el_class=\u00a0\u00bbimg-col\u00a0\u00bb][vc_single_image image=\u00a0\u00bb536&Prime; img_size=\u00a0\u00bbfull\u00a0\u00bb el_class=\u00a0\u00bbimg-1&Prime;][vc_single_image image=\u00a0\u00bb538&Prime; img_size=\u00a0\u00bbfull\u00a0\u00bb el_class=\u00a0\u00bbimg-2&Prime;][\/vc_column][vc_column width=\u00a0\u00bb1\/2&Prime; el_class=\u00a0\u00bbtext-col\u00a0\u00bb][vc_column_text el_class=\u00a0\u00bbtitle\u00a0\u00bb]vous recevoir[\/vc_column_text][vc_column_text el_class=\u00a0\u00bbtext\u00a0\u00bb]Ce qui nous anime c\u2019est avant tout de partager notre passion [&hellip;]","og_url":"https:\/\/chateaudecalavon.com\/fr\/oenotourisme-wine-tour-tasting-degustation\/","og_site_name":"chateaudecalavon","article_modified_time":"2024-07-24T12:47:36+00:00","twitter_card":"summary_large_image","twitter_misc":{"Dur\u00e9e de lecture estim\u00e9e":"2 minutes"},"schema":{"@context":"https:\/\/schema.org","@graph":[{"@type":"WebPage","@id":"https:\/\/chateaudecalavon.com\/fr\/oenotourisme-wine-tour-tasting-degustation\/","url":"https:\/\/chateaudecalavon.com\/fr\/oenotourisme-wine-tour-tasting-degustation\/","name":"OEnotourisme - chateaudecalavon","isPartOf":{"@id":"https:\/\/chateaudecalavon.com\/fr\/#website"},"datePublished":"2023-10-10T06:53:34+00:00","dateModified":"2024-07-24T12:47:36+00:00","breadcrumb":{"@id":"https:\/\/chateaudecalavon.com\/fr\/oenotourisme-wine-tour-tasting-degustation\/#breadcrumb"},"inLanguage":"fr-FR","potentialAction":[{"@type":"ReadAction","target":["https:\/\/chateaudecalavon.com\/fr\/oenotourisme-wine-tour-tasting-degustation\/"]}]},{"@type":"BreadcrumbList","@id":"https:\/\/chateaudecalavon.com\/fr\/oenotourisme-wine-tour-tasting-degustation\/#breadcrumb","itemListElement":[{"@type":"ListItem","position":1,"name":"Home","item":"https:\/\/chateaudecalavon.com\/fr\/"},{"@type":"ListItem","position":2,"name":"OEnotourisme"}]},{"@type":"WebSite","@id":"https:\/\/chateaudecalavon.com\/fr\/#website","url":"https:\/\/chateaudecalavon.com\/fr\/","name":"chateaudecalavon","description":"","potentialAction":[{"@type":"SearchAction","target":{"@type":"EntryPoint","urlTemplate":"https:\/\/chateaudecalavon.com\/fr\/?s={search_term_string}"},"query-input":{"@type":"PropertyValueSpecification","valueRequired":true,"valueName":"search_term_string"}}],"inLanguage":"fr-FR"}]}},"_links":{"self":[{"href":"https:\/\/chateaudecalavon.com\/fr\/wp-json\/wp\/v2\/pages\/200","targetHints":{"allow":["GET"]}}],"collection":[{"href":"https:\/\/chateaudecalavon.com\/fr\/wp-json\/wp\/v2\/pages"}],"about":[{"href":"https:\/\/chateaudecalavon.com\/fr\/wp-json\/wp\/v2\/types\/page"}],"author":[{"embeddable":true,"href":"https:\/\/chateaudecalavon.com\/fr\/wp-json\/wp\/v2\/users\/1"}],"replies":[{"embeddable":true,"href":"https:\/\/chateaudecalavon.com\/fr\/wp-json\/wp\/v2\/comments?post=200"}],"version-history":[{"count":3,"href":"https:\/\/chateaudecalavon.com\/fr\/wp-json\/wp\/v2\/pages\/200\/revisions"}],"predecessor-version":[{"id":942,"href":"https:\/\/chateaudecalavon.com\/fr\/wp-json\/wp\/v2\/pages\/200\/revisions\/942"}],"wp:attachment":[{"href":"https:\/\/chateaudecalavon.com\/fr\/wp-json\/wp\/v2\/media?parent=200"}],"curies":[{"name":"wp","href":"https:\/\/api.w.org\/{rel}","templated":true}]}}